{"id":2119,"date":"2022-04-11T07:17:02","date_gmt":"2022-04-11T07:17:02","guid":{"rendered":"https:\/\/staging.jugendmusik-siebnen.ch\/wp2\/index.php\/what-we-do\/"},"modified":"2026-03-24T09:53:07","modified_gmt":"2026-03-24T08:53:07","slug":"wer-sind-wir","status":"publish","type":"page","link":"https:\/\/jugendmusik-siebnen.ch\/index.php\/wer-sind-wir\/","title":{"rendered":"Wer sind wir"},"content":{"rendered":"\n<div class=\"wp-block-uagb-container uagb-block-dc794c71 alignfull uagb-is-root-container\"><div class=\"uagb-container-inner-blocks-wrap\">\n<div class=\"wp-block-uagb-info-box uagb-block-622a2e92 uagb-infobox__content-wrap  uagb-infobox-icon-above-title uagb-infobox-image-valign-top\"><div class=\"uagb-ifb-content\"><div class=\"uagb-ifb-title-wrap\"><span class=\"uagb-ifb-title-prefix\">Jugendblasorchester der Region March<\/span><div class=\"uagb-ifb-separator\"><\/div><h1 class=\"uagb-ifb-title\">Knapp 100 Jugendliche musizieren Gemeinsam<\/h1><\/div><\/div><\/div>\n<\/div><\/div>\n\n\n\n<div class=\"wp-block-uagb-container uagb-block-e947756a alignfull uagb-is-root-container\"><div class=\"uagb-container-inner-blocks-wrap\">\n<div class=\"wp-block-uagb-container uagb-block-afe08bf3\">\n<div class=\"wp-block-uagb-info-box uagb-block-252663dd uagb-infobox__content-wrap  uagb-infobox-icon-above-title uagb-infobox-image-valign-top\"><div class=\"uagb-ifb-content\"><div class=\"uagb-ifb-title-wrap\"><h2 class=\"uagb-ifb-title\">Unser Ansatz<\/h2><\/div><div class=\"uagb-ifb-separator\"><\/div><\/div><\/div>\n\n\n\n<div class=\"wp-block-uagb-container uagb-block-ff54988c\">\n<div class=\"wp-block-uagb-container uagb-block-e730558c\">\n<div class=\"wp-block-uagb-advanced-heading uagb-block-88a48356\"><h3 class=\"uagb-heading-text\">Wir bilden junge Musikantinnen und Musikanten aus.<\/h3><p class=\"uagb-desc-text\">Die Jugendmusik Siebnen ist ein Jugendblasorchester aus dem Kanton Schwyz. Seit vielen Jahren bildet das Ensemble in zwei verschiedenen Corps den musikalischen Nachwuchs der March aus.&nbsp;Knapp 100 motivierte Jugendliche im Alter von 9 bis 23 Jahren pflegen mit Freude und hoher Qualit\u00e4t das gemeinsame Musizieren und die Kameradschaft. Erfahre mehr \u00fcber uns in unserem <a href=\"https:\/\/jugendmusik-siebnen.ch\/wp-content\/uploads\/2025\/06\/Portrait-Jugendmusik-Siebnen-2025.pdf\" data-type=\"link\" data-id=\"https:\/\/jugendmusik-siebnen.ch\/wp-content\/uploads\/2025\/06\/Portrait-Jugendmusik-Siebnen-2025.pdf\" target=\"_blank\" rel=\"noreferrer noopener\">Portrait<\/a>.<\/p><\/div>\n\n\n\n<div class=\"wp-block-uagb-image uagb-block-5758765a wp-block-uagb-image--layout-default wp-block-uagb-image--effect-static wp-block-uagb-image--align-none\"><figure class=\"wp-block-uagb-image__figure\"><img decoding=\"async\" srcset=\"https:\/\/jugendmusik-siebnen.ch\/wp-content\/uploads\/2023\/11\/DSC5895-1024x683.jpg ,https:\/\/jugendmusik-siebnen.ch\/wp-content\/uploads\/2023\/11\/DSC5895.jpg 780w, https:\/\/jugendmusik-siebnen.ch\/wp-content\/uploads\/2023\/11\/DSC5895.jpg 360w\" sizes=\"auto, (max-width: 480px) 150px\" src=\"https:\/\/jugendmusik-siebnen.ch\/wp-content\/uploads\/2023\/11\/DSC5895-1024x683.jpg\" alt=\"\" class=\"uag-image-4662\" width=\"1024\" height=\"683\" title=\"\" loading=\"lazy\" role=\"img\"\/><\/figure><\/div>\n<\/div>\n\n\n\n<div class=\"wp-block-uagb-container uagb-block-ce404ffa\">\n<div class=\"wp-block-uagb-info-box uagb-block-12c7cbbd uagb-infobox__content-wrap  uagb-infobox-icon-above-title uagb-infobox-image-valign-top\"><div class=\"uagb-ifb-content\"><div class=\"uagb-ifb-title-wrap\"><span class=\"uagb-ifb-title-prefix\">01<\/span><h4 class=\"uagb-ifb-title\">\u2014 Unsere Mission<\/h4><\/div><p class=\"uagb-ifb-desc\">Die Jugendmusik Siebnen ist in zwei Corps aufgeteilt. Im Blasorchester B sammeln die Jugendlichen, sobald sie sich die ersten Grundkenntnisse auf ihrem Instrument angeeignet haben, die ersten Erfahrungen im Zusammenspiel. Im Blasorchester A musizieren die \u00e4lteren Mitglieder, welche dann ab ca. 16 Jahren zus\u00e4tzlich auch in einem Erwachsenenverein der Region mitspielen.<br><\/p><\/div><\/div>\n\n\n\n<div class=\"wp-block-uagb-info-box uagb-block-c7272f74 uagb-infobox__content-wrap  uagb-infobox-icon-above-title uagb-infobox-image-valign-top\"><div class=\"uagb-ifb-content\"><div class=\"uagb-ifb-title-wrap\"><span class=\"uagb-ifb-title-prefix\">02<\/span><h4 class=\"uagb-ifb-title\">\u2014 Unsere Vision<\/h4><\/div><p class=\"uagb-ifb-desc\">Wir f\u00f6rdern den Blasmusiknachwuchs in der Region March nachhaltig und bieten eine sinnvolle Freizeitbesch\u00e4ftigung f\u00fcr unsere zuk\u00fcnftige Generation. <\/p><\/div><\/div>\n\n\n\n<div class=\"wp-block-uagb-info-box uagb-block-1675e9f3 uagb-infobox__content-wrap  uagb-infobox-icon-above-title uagb-infobox-image-valign-top\"><div class=\"uagb-ifb-content\"><div class=\"uagb-ifb-title-wrap\"><span class=\"uagb-ifb-title-prefix\">03<\/span><h4 class=\"uagb-ifb-title\">\u2014 Geschichte<\/h4><\/div><p class=\"uagb-ifb-desc\">Die Jugendmusik Siebnen wurde 1948 \u2013 damals noch \u00abKnabenmusik Siebnen\u00bb \u2013 von den Musikern der \u00abHarmoniemusik Alpenr\u00f6sli\u00bb (heute Blasorchester Siebnen) gegr\u00fcndet.<br><\/p><\/div><\/div>\n<\/div>\n<\/div>\n<\/div>\n<\/div><\/div>\n\n\n\n<div class=\"wp-block-uagb-container uagb-block-caf765f3 alignfull uagb-is-root-container\"><div class=\"uagb-container-inner-blocks-wrap\">\n<div class=\"wp-block-uagb-info-box uagb-block-812ccfc2 uagb-infobox__content-wrap  uagb-infobox-icon-above-title uagb-infobox-image-valign-top\"><div class=\"uagb-ifb-content\"><div class=\"uagb-ifb-title-wrap\"><h2 class=\"uagb-ifb-title\">Unsere Dirigenten<\/h2><\/div><div class=\"uagb-ifb-separator\"><\/div><\/div><\/div>\n\n\n\n<div class=\"wp-block-uagb-container uagb-block-7e0136ea\">\n<div class=\"wp-block-uagb-container uagb-block-a1e80e9c\">\n<div class=\"wp-block-uagb-image uagb-block-040caf95 wp-block-uagb-image--layout-default wp-block-uagb-image--effect-static wp-block-uagb-image--align-none\"><figure class=\"wp-block-uagb-image__figure\"><img decoding=\"async\" srcset=\"https:\/\/jugendmusik-siebnen.ch\/wp-content\/uploads\/2024\/02\/Michael-1024x1024.png ,https:\/\/jugendmusik-siebnen.ch\/wp-content\/uploads\/2024\/02\/Michael.png 780w, https:\/\/jugendmusik-siebnen.ch\/wp-content\/uploads\/2024\/02\/Michael.png 360w\" sizes=\"auto, (max-width: 480px) 150px\" src=\"https:\/\/jugendmusik-siebnen.ch\/wp-content\/uploads\/2024\/02\/Michael-1024x1024.png\" alt=\"\" class=\"uag-image-5125\" width=\"350\" height=\"350\" title=\"\" loading=\"lazy\" role=\"img\"\/><\/figure><\/div>\n\n\n\n<div class=\"wp-block-uagb-icon-list uagb-block-02b2b34c\"><div class=\"uagb-icon-list__wrap\">\n<div class=\"wp-block-uagb-icon-list-child uagb-block-c7fa9ed9\"><span class=\"uagb-icon-list__label\"><strong>Michael Sch\u00f6nb\u00e4chler<\/strong><\/span><\/div>\n\n\n\n<div class=\"wp-block-uagb-icon-list-child uagb-block-845f0e67\"><span class=\"uagb-icon-list__source-wrap\"><svg xmlns=\"https:\/\/www.w3.org\/2000\/svg\" viewBox=\"0 0 512 512\"><path d=\"M511.1 367.1c0 44.18-42.98 80-95.1 80s-95.1-35.82-95.1-79.1c0-44.18 42.98-79.1 95.1-79.1c11.28 0 21.95 1.92 32.01 4.898V148.1L192 224l-.0023 208.1C191.1 476.2 149 512 95.1 512S0 476.2 0 432c0-44.18 42.98-79.1 95.1-79.1c11.28 0 21.95 1.92 32 4.898V126.5c0-12.97 10.06-26.63 22.41-30.52l319.1-94.49C472.1 .6615 477.3 0 480 0c17.66 0 31.97 14.34 32 31.99L511.1 367.1z\"><\/path><\/svg><\/span><span class=\"uagb-icon-list__label\">Seit \u00fcber 20 Jahren unser Dirigent<\/span><\/div>\n\n\n\n<div class=\"wp-block-uagb-icon-list-child uagb-block-53369935\"><span class=\"uagb-icon-list__source-wrap\"><svg xmlns=\"https:\/\/www.w3.org\/2000\/svg\" viewBox=\"0 0 512 512\"><path d=\"M511.1 367.1c0 44.18-42.98 80-95.1 80s-95.1-35.82-95.1-79.1c0-44.18 42.98-79.1 95.1-79.1c11.28 0 21.95 1.92 32.01 4.898V148.1L192 224l-.0023 208.1C191.1 476.2 149 512 95.1 512S0 476.2 0 432c0-44.18 42.98-79.1 95.1-79.1c11.28 0 21.95 1.92 32 4.898V126.5c0-12.97 10.06-26.63 22.41-30.52l319.1-94.49C472.1 .6615 477.3 0 480 0c17.66 0 31.97 14.34 32 31.99L511.1 367.1z\"><\/path><\/svg><\/span><span class=\"uagb-icon-list__label\">Freischaffender Posaunist<\/span><\/div>\n\n\n\n<div class=\"wp-block-uagb-icon-list-child uagb-block-eba7e8e9\"><span class=\"uagb-icon-list__source-wrap\"><svg xmlns=\"https:\/\/www.w3.org\/2000\/svg\" viewBox=\"0 0 512 512\"><path d=\"M511.1 367.1c0 44.18-42.98 80-95.1 80s-95.1-35.82-95.1-79.1c0-44.18 42.98-79.1 95.1-79.1c11.28 0 21.95 1.92 32.01 4.898V148.1L192 224l-.0023 208.1C191.1 476.2 149 512 95.1 512S0 476.2 0 432c0-44.18 42.98-79.1 95.1-79.1c11.28 0 21.95 1.92 32 4.898V126.5c0-12.97 10.06-26.63 22.41-30.52l319.1-94.49C472.1 .6615 477.3 0 480 0c17.66 0 31.97 14.34 32 31.99L511.1 367.1z\"><\/path><\/svg><\/span><span class=\"uagb-icon-list__label\">Musikschulleiter der Musikschule Stans und Dirigent der Musikgesellschaft Ennetb\u00fcrgen<\/span><\/div>\n<\/div><\/div>\n<\/div>\n\n\n\n<div class=\"wp-block-uagb-container uagb-block-7d2bc556\">\n<div class=\"wp-block-uagb-image uagb-block-6624626f wp-block-uagb-image--layout-default wp-block-uagb-image--effect-static wp-block-uagb-image--align-none\"><figure class=\"wp-block-uagb-image__figure\"><img decoding=\"async\" srcset=\"https:\/\/jugendmusik-siebnen.ch\/wp-content\/uploads\/2024\/02\/Dominik-300x300.png ,https:\/\/jugendmusik-siebnen.ch\/wp-content\/uploads\/2024\/02\/Dominik.png 780w, https:\/\/jugendmusik-siebnen.ch\/wp-content\/uploads\/2024\/02\/Dominik.png 360w\" sizes=\"auto, (max-width: 480px) 150px\" src=\"https:\/\/jugendmusik-siebnen.ch\/wp-content\/uploads\/2024\/02\/Dominik-300x300.png\" alt=\"\" class=\"uag-image-5124\" width=\"350\" height=\"350\" title=\"\" loading=\"lazy\" role=\"img\"\/><\/figure><\/div>\n\n\n\n<div class=\"wp-block-uagb-icon-list uagb-block-677a36f2\"><div class=\"uagb-icon-list__wrap\">\n<div class=\"wp-block-uagb-icon-list-child uagb-block-2305beaf\"><span class=\"uagb-icon-list__label\"><strong>Dominik H\u00fcppin<\/strong><\/span><\/div>\n\n\n\n<div class=\"wp-block-uagb-icon-list-child uagb-block-598ffce7\"><span class=\"uagb-icon-list__source-wrap\"><svg xmlns=\"https:\/\/www.w3.org\/2000\/svg\" viewBox=\"0 0 512 512\"><path d=\"M511.1 367.1c0 44.18-42.98 80-95.1 80s-95.1-35.82-95.1-79.1c0-44.18 42.98-79.1 95.1-79.1c11.28 0 21.95 1.92 32.01 4.898V148.1L192 224l-.0023 208.1C191.1 476.2 149 512 95.1 512S0 476.2 0 432c0-44.18 42.98-79.1 95.1-79.1c11.28 0 21.95 1.92 32 4.898V126.5c0-12.97 10.06-26.63 22.41-30.52l319.1-94.49C472.1 .6615 477.3 0 480 0c17.66 0 31.97 14.34 32 31.99L511.1 367.1z\"><\/path><\/svg><\/span><span class=\"uagb-icon-list__label\">Seit \u00fcber 10 Jahren unser Dirigent<\/span><\/div>\n\n\n\n<div class=\"wp-block-uagb-icon-list-child uagb-block-fdbd81b0\"><span class=\"uagb-icon-list__source-wrap\"><svg xmlns=\"https:\/\/www.w3.org\/2000\/svg\" viewBox=\"0 0 512 512\"><path d=\"M511.1 367.1c0 44.18-42.98 80-95.1 80s-95.1-35.82-95.1-79.1c0-44.18 42.98-79.1 95.1-79.1c11.28 0 21.95 1.92 32.01 4.898V148.1L192 224l-.0023 208.1C191.1 476.2 149 512 95.1 512S0 476.2 0 432c0-44.18 42.98-79.1 95.1-79.1c11.28 0 21.95 1.92 32 4.898V126.5c0-12.97 10.06-26.63 22.41-30.52l319.1-94.49C472.1 .6615 477.3 0 480 0c17.66 0 31.97 14.34 32 31.99L511.1 367.1z\"><\/path><\/svg><\/span><span class=\"uagb-icon-list__label\">Leidenschaftlicher Saxophonist<\/span><\/div>\n\n\n\n<div class=\"wp-block-uagb-icon-list-child uagb-block-91183e2c\"><span class=\"uagb-icon-list__source-wrap\"><svg xmlns=\"https:\/\/www.w3.org\/2000\/svg\" viewBox=\"0 0 512 512\"><path d=\"M511.1 367.1c0 44.18-42.98 80-95.1 80s-95.1-35.82-95.1-79.1c0-44.18 42.98-79.1 95.1-79.1c11.28 0 21.95 1.92 32.01 4.898V148.1L192 224l-.0023 208.1C191.1 476.2 149 512 95.1 512S0 476.2 0 432c0-44.18 42.98-79.1 95.1-79.1c11.28 0 21.95 1.92 32 4.898V126.5c0-12.97 10.06-26.63 22.41-30.52l319.1-94.49C472.1 .6615 477.3 0 480 0c17.66 0 31.97 14.34 32 31.99L511.1 367.1z\"><\/path><\/svg><\/span><span class=\"uagb-icon-list__label\">Musiklehrer an der Kantonsschule<\/span><\/div>\n<\/div><\/div>\n<\/div>\n\n\n\n<div class=\"wp-block-uagb-container uagb-block-bc94206c\">\n<div class=\"wp-block-uagb-image uagb-block-5c90b84d wp-block-uagb-image--layout-default wp-block-uagb-image--effect-static wp-block-uagb-image--align-none\"><figure class=\"wp-block-uagb-image__figure\"><img decoding=\"async\" srcset=\"https:\/\/jugendmusik-siebnen.ch\/wp-content\/uploads\/2026\/03\/flo.png ,https:\/\/jugendmusik-siebnen.ch\/wp-content\/uploads\/2026\/03\/flo.png 780w, https:\/\/jugendmusik-siebnen.ch\/wp-content\/uploads\/2026\/03\/flo.png 360w\" sizes=\"auto, (max-width: 480px) 150px\" src=\"https:\/\/jugendmusik-siebnen.ch\/wp-content\/uploads\/2026\/03\/flo.png\" alt=\"\" class=\"uag-image-6051\" width=\"350\" height=\"350\" title=\"flo\" loading=\"lazy\" role=\"img\"\/><\/figure><\/div>\n\n\n\n<div class=\"wp-block-uagb-icon-list uagb-block-c6d4871e\"><div class=\"uagb-icon-list__wrap\">\n<div class=\"wp-block-uagb-icon-list-child uagb-block-48a26d13\"><span class=\"uagb-icon-list__label\"><strong>Florian Diethelm<\/strong><\/span><\/div>\n\n\n\n<div class=\"wp-block-uagb-icon-list-child uagb-block-b5b0ac4b\"><span class=\"uagb-icon-list__source-wrap\"><svg xmlns=\"https:\/\/www.w3.org\/2000\/svg\" viewBox=\"0 0 512 512\"><path d=\"M511.1 367.1c0 44.18-42.98 80-95.1 80s-95.1-35.82-95.1-79.1c0-44.18 42.98-79.1 95.1-79.1c11.28 0 21.95 1.92 32.01 4.898V148.1L192 224l-.0023 208.1C191.1 476.2 149 512 95.1 512S0 476.2 0 432c0-44.18 42.98-79.1 95.1-79.1c11.28 0 21.95 1.92 32 4.898V126.5c0-12.97 10.06-26.63 22.41-30.52l319.1-94.49C472.1 .6615 477.3 0 480 0c17.66 0 31.97 14.34 32 31.99L511.1 367.1z\"><\/path><\/svg><\/span><span class=\"uagb-icon-list__label\">Seit 2025 unser neuer Dirigent<\/span><\/div>\n\n\n\n<div class=\"wp-block-uagb-icon-list-child uagb-block-e71d15b3\"><span class=\"uagb-icon-list__source-wrap\"><svg xmlns=\"https:\/\/www.w3.org\/2000\/svg\" viewBox=\"0 0 512 512\"><path d=\"M511.1 367.1c0 44.18-42.98 80-95.1 80s-95.1-35.82-95.1-79.1c0-44.18 42.98-79.1 95.1-79.1c11.28 0 21.95 1.92 32.01 4.898V148.1L192 224l-.0023 208.1C191.1 476.2 149 512 95.1 512S0 476.2 0 432c0-44.18 42.98-79.1 95.1-79.1c11.28 0 21.95 1.92 32 4.898V126.5c0-12.97 10.06-26.63 22.41-30.52l319.1-94.49C472.1 .6615 477.3 0 480 0c17.66 0 31.97 14.34 32 31.99L511.1 367.1z\"><\/path><\/svg><\/span><span class=\"uagb-icon-list__label\">Begeisterter Hornist<\/span><\/div>\n\n\n\n<div class=\"wp-block-uagb-icon-list-child uagb-block-5aaf4880\"><span class=\"uagb-icon-list__source-wrap\"><svg xmlns=\"https:\/\/www.w3.org\/2000\/svg\" viewBox=\"0 0 512 512\"><path d=\"M511.1 367.1c0 44.18-42.98 80-95.1 80s-95.1-35.82-95.1-79.1c0-44.18 42.98-79.1 95.1-79.1c11.28 0 21.95 1.92 32.01 4.898V148.1L192 224l-.0023 208.1C191.1 476.2 149 512 95.1 512S0 476.2 0 432c0-44.18 42.98-79.1 95.1-79.1c11.28 0 21.95 1.92 32 4.898V126.5c0-12.97 10.06-26.63 22.41-30.52l319.1-94.49C472.1 .6615 477.3 0 480 0c17.66 0 31.97 14.34 32 31.99L511.1 367.1z\"><\/path><\/svg><\/span><span class=\"uagb-icon-list__label\">(Schul)musikstudent an der Hochschule Luzern<\/span><\/div>\n<\/div><\/div>\n<\/div>\n<\/div>\n<\/div><\/div>\n\n\n\n<div class=\"wp-block-uagb-container uagb-block-da07da86 alignfull uagb-is-root-container\"><div class=\"uagb-container-inner-blocks-wrap\">\n<div class=\"wp-block-uagb-info-box uagb-block-b32bdb0d uagb-infobox__content-wrap  uagb-infobox-icon-above-title uagb-infobox-image-valign-top\"><div class=\"uagb-ifb-content\"><div class=\"uagb-ifb-title-wrap\"><h2 class=\"uagb-ifb-title\">Unsere Mitglieder<\/h2><\/div><div class=\"uagb-ifb-separator\"><\/div><\/div><\/div>\n\n\n\n<div class=\"wp-block-uagb-container uagb-block-a8104a3b alignfull uagb-is-root-container\"><div class=\"uagb-container-inner-blocks-wrap\">\n<div class=\"wp-block-uagb-container uagb-block-21d68733\">\n<figure class=\"wp-block-image size-large\"><img loading=\"lazy\" decoding=\"async\" width=\"1024\" height=\"481\" src=\"https:\/\/jugendmusik-siebnen.ch\/wp-content\/uploads\/2023\/11\/jms_klein-2-1024x481.jpg\" alt=\"\" class=\"wp-image-4501\" srcset=\"https:\/\/jugendmusik-siebnen.ch\/wp-content\/uploads\/2023\/11\/jms_klein-2-1024x481.jpg 1024w, https:\/\/jugendmusik-siebnen.ch\/wp-content\/uploads\/2023\/11\/jms_klein-2-300x141.jpg 300w, https:\/\/jugendmusik-siebnen.ch\/wp-content\/uploads\/2023\/11\/jms_klein-2-768x361.jpg 768w, https:\/\/jugendmusik-siebnen.ch\/wp-content\/uploads\/2023\/11\/jms_klein-2-1536x722.jpg 1536w, https:\/\/jugendmusik-siebnen.ch\/wp-content\/uploads\/2023\/11\/jms_klein-2.jpg 1920w\" sizes=\"auto, (max-width: 1024px) 100vw, 1024px\" \/><\/figure>\n<\/div>\n\n\n\n<div class=\"wp-block-uagb-container uagb-block-bd42e0fe\">\n<div class=\"wp-block-uagb-icon-list uagb-block-6b61423b\"><div class=\"uagb-icon-list__wrap\">\n<div class=\"wp-block-uagb-icon-list-child uagb-block-2442404c\"><span class=\"uagb-icon-list__source-wrap\"><svg xmlns=\"https:\/\/www.w3.org\/2000\/svg\" viewBox=\"0 0 512 512\"><path d=\"M256 0C114.6 0 0 114.6 0 256c0 141.4 114.6 256 256 256s256-114.6 256-256C512 114.6 397.4 0 256 0zM406.6 278.6l-103.1 103.1c-12.5 12.5-32.75 12.5-45.25 0s-12.5-32.75 0-45.25L306.8 288H128C110.3 288 96 273.7 96 256s14.31-32 32-32h178.8l-49.38-49.38c-12.5-12.5-12.5-32.75 0-45.25s32.75-12.5 45.25 0l103.1 103.1C414.6 241.3 416 251.1 416 256C416 260.9 414.6 270.7 406.6 278.6z\"><\/path><\/svg><\/span><span class=\"uagb-icon-list__label\">Knapp 100 Jugendliche aus der gesamten March<\/span><\/div>\n\n\n\n<div class=\"wp-block-uagb-icon-list-child uagb-block-7f0cb46d\"><span class=\"uagb-icon-list__source-wrap\"><svg xmlns=\"https:\/\/www.w3.org\/2000\/svg\" viewBox=\"0 0 512 512\"><path d=\"M256 0C114.6 0 0 114.6 0 256c0 141.4 114.6 256 256 256s256-114.6 256-256C512 114.6 397.4 0 256 0zM406.6 278.6l-103.1 103.1c-12.5 12.5-32.75 12.5-45.25 0s-12.5-32.75 0-45.25L306.8 288H128C110.3 288 96 273.7 96 256s14.31-32 32-32h178.8l-49.38-49.38c-12.5-12.5-12.5-32.75 0-45.25s32.75-12.5 45.25 0l103.1 103.1C414.6 241.3 416 251.1 416 256C416 260.9 414.6 270.7 406.6 278.6z\"><\/path><\/svg><\/span><span class=\"uagb-icon-list__label\">A-Corps: Unsere \u00e4lteren und erfahreneren Musiker <\/span><\/div>\n\n\n\n<div class=\"wp-block-uagb-icon-list-child uagb-block-c5cc23e0\"><span class=\"uagb-icon-list__source-wrap\"><svg xmlns=\"https:\/\/www.w3.org\/2000\/svg\" viewBox=\"0 0 512 512\"><path d=\"M256 0C114.6 0 0 114.6 0 256c0 141.4 114.6 256 256 256s256-114.6 256-256C512 114.6 397.4 0 256 0zM406.6 278.6l-103.1 103.1c-12.5 12.5-32.75 12.5-45.25 0s-12.5-32.75 0-45.25L306.8 288H128C110.3 288 96 273.7 96 256s14.31-32 32-32h178.8l-49.38-49.38c-12.5-12.5-12.5-32.75 0-45.25s32.75-12.5 45.25 0l103.1 103.1C414.6 241.3 416 251.1 416 256C416 260.9 414.6 270.7 406.6 278.6z\"><\/path><\/svg><\/span><span class=\"uagb-icon-list__label\">B-Corps: Unsere J\u00fcngsten<\/span><\/div>\n<\/div><\/div>\n<\/div>\n<\/div><\/div>\n<\/div><\/div>\n\n\n\n<div class=\"wp-block-uagb-container uagb-block-451d882b alignfull uagb-is-root-container\"><div class=\"uagb-container-inner-blocks-wrap\">\n<div class=\"wp-block-uagb-info-box uagb-block-87ded43e uagb-infobox__content-wrap  uagb-infobox-icon-above-title uagb-infobox-image-valign-top\"><div class=\"uagb-ifb-content\"><div class=\"uagb-ifb-title-wrap\"><h2 class=\"uagb-ifb-title\">Unser Vorstand<\/h2><\/div><div class=\"uagb-ifb-separator\"><\/div><\/div><\/div>\n\n\n\n<div class=\"wp-block-columns is-layout-flex wp-container-core-columns-is-layout-28f84493 wp-block-columns-is-layout-flex\">\n<div class=\"wp-block-column is-layout-flow wp-block-column-is-layout-flow\" style=\"flex-basis:100%\">\n<figure class=\"wp-block-table\"><table><thead><tr><th>Funktion<\/th><th>Name<\/th><\/tr><\/thead><tbody><tr><td>Pr\u00e4sidentin<\/td><td>Corinne Diethelm<br><a href=\"mailto:praesident@jugendmusik-siebnen.ch\">praesident@jugendmusik-siebnen.ch<\/a><\/td><\/tr><tr><td>Vizepr\u00e4sident <br>(Beisitzer Blasorchester Siebnen)\/Probeweekend<\/td><td>David Diethelm<br><a href=\"mailto:vize@jugendmusik-siebnen.ch\">vize@jugendmusik-siebnen.ch<\/a><\/td><\/tr><tr><td>Aktuarin<br>Presse\/Social Media<\/td><td>Luisa Slongo<\/td><\/tr><tr><td>Kassier<\/td><td>Markus Schalch<\/td><\/tr><tr><td>Beisitzerin HMV Lachen\/Materialverwalterin\/Instrumentenmiete<\/td><td>Larissa St\u00f6ckli<br><a href=\"mailto:instrumente@jugendmusik-siebnen.ch\">instrumente@jugendmusik-siebnen.ch<\/a><\/td><\/tr><tr><td>Beisitzerin MV Altendorf\/G\u00f6nnereinzug<\/td><td>Michelle Keller<\/td><\/tr><tr><td>Beisitzerin MV Wangen\/Sponsoring-Programme<\/td><td>Marina Schnellmann<\/td><\/tr><tr><td>Beisitzer MV Galgenen\/Transporte<\/td><td>Lukas Inauen<\/td><\/tr><tr><td>Beisitzerin\/Festwirtin<\/td><td>Sven B\u00f6ni<\/td><\/tr><tr><td>Beisitzerin BM Tuggen\/J&amp;M-Verantwortliche<\/td><td>Dominique Huber<\/td><\/tr><tr><td><\/td><td><\/td><\/tr><\/tbody><\/table><\/figure>\n<\/div>\n<\/div>\n<\/div><\/div>\n","protected":false},"excerpt":{"rendered":"<p>Wir bilden junge Musikantinnen und Musikanten aus. Die Jugendmusik Siebnen ist ein Jugendblasorchester aus dem Kanton Schwyz. Seit vielen Jahren bildet das Ensemble in zwei verschiedenen Corps den musikalischen Nachwuchs der March aus.&nbsp;Knapp 100 motivierte Jugendliche im Alter von 9 bis 23 Jahren pflegen mit Freude und hoher Qualit\u00e4t das gemeinsame Musizieren und die Kameradschaft. [&hellip;]<\/p>\n","protected":false},"author":1,"featured_media":0,"parent":0,"menu_order":0,"comment_status":"closed","ping_status":"closed","template":"","meta":{"_uag_custom_page_level_css":"","site-sidebar-layout":"no-sidebar","site-content-layout":"page-builder","ast-site-content-layout":"full-width-container","site-content-style":"unboxed","site-sidebar-style":"unboxed","ast-global-header-display":"","ast-banner-title-visibility":"","ast-main-header-display":"","ast-hfb-above-header-display":"","ast-hfb-below-header-display":"","ast-hfb-mobile-header-display":"","site-post-title":"disabled","ast-breadcrumbs-content":"","ast-featured-img":"disabled","footer-sml-layout":"","theme-transparent-header-meta":"enabled","adv-header-id-meta":"","stick-header-meta":"","header-above-stick-meta":"","header-main-stick-meta":"","header-below-stick-meta":"","astra-migrate-meta-layouts":"set","ast-page-background-enabled":"default","ast-page-background-meta":{"desktop":{"background-color":"","background-image":"","background-repeat":"repeat","background-position":"center center","background-size":"auto","background-attachment":"scroll","background-type":"","background-media":"","overlay-type":"","overlay-color":"","overlay-gradient":""},"tablet":{"background-color":"","background-image":"","background-repeat":"repeat","background-position":"center center","background-size":"auto","background-attachment":"scroll","background-type":"","background-media":"","overlay-type":"","overlay-color":"","overlay-gradient":""},"mobile":{"background-color":"","background-image":"","background-repeat":"repeat","background-position":"center center","background-size":"auto","background-attachment":"scroll","background-type":"","background-media":"","overlay-type":"","overlay-color":"","overlay-gradient":""}},"ast-content-background-meta":{"desktop":{"background-color":"var(--ast-global-color-5)","background-image":"","background-repeat":"repeat","background-position":"center center","background-size":"auto","background-attachment":"scroll","background-type":"","background-media":"","overlay-type":"","overlay-color":"","overlay-gradient":""},"tablet":{"background-color":"var(--ast-global-color-5)","background-image":"","background-repeat":"repeat","background-position":"center center","background-size":"auto","background-attachment":"scroll","background-type":"","background-media":"","overlay-type":"","overlay-color":"","overlay-gradient":""},"mobile":{"background-color":"var(--ast-global-color-5)","background-image":"","background-repeat":"repeat","background-position":"center center","background-size":"auto","background-attachment":"scroll","background-type":"","background-media":"","overlay-type":"","overlay-color":"","overlay-gradient":""}},"footnotes":""},"class_list":["post-2119","page","type-page","status-publish","hentry"],"uagb_featured_image_src":{"full":false,"thumbnail":false,"medium":false,"medium_large":false,"large":false,"1536x1536":false,"2048x2048":false},"uagb_author_info":{"display_name":"admin","author_link":"https:\/\/jugendmusik-siebnen.ch\/index.php\/author\/mschalch_3n2rubjm\/"},"uagb_comment_info":0,"uagb_excerpt":"Wir bilden junge Musikantinnen und Musikanten aus. Die Jugendmusik Siebnen ist ein Jugendblasorchester aus dem Kanton Schwyz. Seit vielen Jahren bildet das Ensemble in zwei verschiedenen Corps den musikalischen Nachwuchs der March aus.&nbsp;Knapp 100 motivierte Jugendliche im Alter von 9 bis 23 Jahren pflegen mit Freude und hoher Qualit\u00e4t das gemeinsame Musizieren und die Kameradschaft.&hellip;","_links":{"self":[{"href":"https:\/\/jugendmusik-siebnen.ch\/index.php\/wp-json\/wp\/v2\/pages\/2119","targetHints":{"allow":["GET"]}}],"collection":[{"href":"https:\/\/jugendmusik-siebnen.ch\/index.php\/wp-json\/wp\/v2\/pages"}],"about":[{"href":"https:\/\/jugendmusik-siebnen.ch\/index.php\/wp-json\/wp\/v2\/types\/page"}],"author":[{"embeddable":true,"href":"https:\/\/jugendmusik-siebnen.ch\/index.php\/wp-json\/wp\/v2\/users\/1"}],"replies":[{"embeddable":true,"href":"https:\/\/jugendmusik-siebnen.ch\/index.php\/wp-json\/wp\/v2\/comments?post=2119"}],"version-history":[{"count":48,"href":"https:\/\/jugendmusik-siebnen.ch\/index.php\/wp-json\/wp\/v2\/pages\/2119\/revisions"}],"predecessor-version":[{"id":6054,"href":"https:\/\/jugendmusik-siebnen.ch\/index.php\/wp-json\/wp\/v2\/pages\/2119\/revisions\/6054"}],"wp:attachment":[{"href":"https:\/\/jugendmusik-siebnen.ch\/index.php\/wp-json\/wp\/v2\/media?parent=2119"}],"curies":[{"name":"wp","href":"https:\/\/api.w.org\/{rel}","templated":true}]}}